{"id":333,"date":"2025-08-29T12:47:11","date_gmt":"2025-08-29T17:47:11","guid":{"rendered":"https:\/\/www.dulceseltrapiche.com\/tienda\/?post_type=product&#038;p=333"},"modified":"2026-01-09T09:52:10","modified_gmt":"2026-01-09T14:52:10","slug":"azucar-xxx","status":"publish","type":"product","link":"https:\/\/www.dulceseltrapiche.com\/tienda\/producto\/azucar-xxx\/","title":{"rendered":"AZUCAR XXX"},"content":{"rendered":"<p><span data-sheets-root=\"1\">Az\u00facar refinada de excelente calidad, pensada para endulzar y realzar el sabor de todo tipo de preparaciones. Una opci\u00f3n vers\u00e1til que acompa\u00f1a tu mesa con dulzura y tradici\u00f3n.<\/span><\/p>\n","protected":false},"excerpt":{"rendered":"<p><span data-sheets-root=\"1\">Az\u00facar refinada de excelente calidad, pensada para endulzar y realzar el sabor de todo tipo de preparaciones. Una opci\u00f3n vers\u00e1til que acompa\u00f1a tu mesa con dulzura y tradici\u00f3n.<\/span><\/p>\n","protected":false},"featured_media":449,"comment_status":"open","ping_status":"closed","template":"","meta":[],"product_brand":[],"product_cat":[32],"product_tag":[],"class_list":{"0":"post-333","1":"product","2":"type-product","3":"status-publish","4":"has-post-thumbnail","6":"product_cat-azucar","8":"first","9":"instock","10":"shipping-taxable","11":"purchasable","12":"product-type-simple"},"_links":{"self":[{"href":"https:\/\/www.dulceseltrapiche.com\/tienda\/wp-json\/wp\/v2\/product\/333","targetHints":{"allow":["GET"]}}],"collection":[{"href":"https:\/\/www.dulceseltrapiche.com\/tienda\/wp-json\/wp\/v2\/product"}],"about":[{"href":"https:\/\/www.dulceseltrapiche.com\/tienda\/wp-json\/wp\/v2\/types\/product"}],"replies":[{"embeddable":true,"href":"https:\/\/www.dulceseltrapiche.com\/tienda\/wp-json\/wp\/v2\/comments?post=333"}],"wp:featuredmedia":[{"embeddable":true,"href":"https:\/\/www.dulceseltrapiche.com\/tienda\/wp-json\/wp\/v2\/media\/449"}],"wp:attachment":[{"href":"https:\/\/www.dulceseltrapiche.com\/tienda\/wp-json\/wp\/v2\/media?parent=333"}],"wp:term":[{"taxonomy":"product_brand","embeddable":true,"href":"https:\/\/www.dulceseltrapiche.com\/tienda\/wp-json\/wp\/v2\/product_brand?post=333"},{"taxonomy":"product_cat","embeddable":true,"href":"https:\/\/www.dulceseltrapiche.com\/tienda\/wp-json\/wp\/v2\/product_cat?post=333"},{"taxonomy":"product_tag","embeddable":true,"href":"https:\/\/www.dulceseltrapiche.com\/tienda\/wp-json\/wp\/v2\/product_tag?post=333"}],"curies":[{"name":"wp","href":"https:\/\/api.w.org\/{rel}","templated":true}]}}