{"id":321,"date":"2025-08-29T12:29:11","date_gmt":"2025-08-29T17:29:11","guid":{"rendered":"https:\/\/www.dulceseltrapiche.com\/tienda\/?post_type=product&#038;p=321"},"modified":"2026-01-09T10:09:32","modified_gmt":"2026-01-09T15:09:32","slug":"cubos-panela-maracuya","status":"publish","type":"product","link":"https:\/\/www.dulceseltrapiche.com\/tienda\/producto\/cubos-panela-maracuya\/","title":{"rendered":"CUBOS PANELA MARACUY\u00c1"},"content":{"rendered":"<p><span data-sheets-root=\"1\">La chispa tropical del maracuy\u00e1 se fusiona con la dulzura de la panela en pr\u00e1cticos cubos que se disuelven al instante. Una experiencia frutal y aut\u00e9ntica que resalta el car\u00e1cter de la tradici\u00f3n colombiana.<\/span><\/p>\n","protected":false},"excerpt":{"rendered":"<p><span data-sheets-root=\"1\">La chispa tropical del maracuy\u00e1 se fusiona con la dulzura de la panela en pr\u00e1cticos cubos que se disuelven al instante. Una experiencia frutal y aut\u00e9ntica que resalta el car\u00e1cter de la tradici\u00f3n colombiana.<\/span><\/p>\n","protected":false},"featured_media":422,"comment_status":"open","ping_status":"closed","template":"","meta":[],"product_brand":[],"product_cat":[21],"product_tag":[],"class_list":{"0":"post-321","1":"product","2":"type-product","3":"status-publish","4":"has-post-thumbnail","6":"product_cat-aromaticas","8":"first","9":"instock","10":"shipping-taxable","11":"purchasable","12":"product-type-variable"},"_links":{"self":[{"href":"https:\/\/www.dulceseltrapiche.com\/tienda\/wp-json\/wp\/v2\/product\/321","targetHints":{"allow":["GET"]}}],"collection":[{"href":"https:\/\/www.dulceseltrapiche.com\/tienda\/wp-json\/wp\/v2\/product"}],"about":[{"href":"https:\/\/www.dulceseltrapiche.com\/tienda\/wp-json\/wp\/v2\/types\/product"}],"replies":[{"embeddable":true,"href":"https:\/\/www.dulceseltrapiche.com\/tienda\/wp-json\/wp\/v2\/comments?post=321"}],"wp:featuredmedia":[{"embeddable":true,"href":"https:\/\/www.dulceseltrapiche.com\/tienda\/wp-json\/wp\/v2\/media\/422"}],"wp:attachment":[{"href":"https:\/\/www.dulceseltrapiche.com\/tienda\/wp-json\/wp\/v2\/media?parent=321"}],"wp:term":[{"taxonomy":"product_brand","embeddable":true,"href":"https:\/\/www.dulceseltrapiche.com\/tienda\/wp-json\/wp\/v2\/product_brand?post=321"},{"taxonomy":"product_cat","embeddable":true,"href":"https:\/\/www.dulceseltrapiche.com\/tienda\/wp-json\/wp\/v2\/product_cat?post=321"},{"taxonomy":"product_tag","embeddable":true,"href":"https:\/\/www.dulceseltrapiche.com\/tienda\/wp-json\/wp\/v2\/product_tag?post=321"}],"curies":[{"name":"wp","href":"https:\/\/api.w.org\/{rel}","templated":true}]}}