{"id":308,"date":"2025-08-29T12:25:18","date_gmt":"2025-08-29T17:25:18","guid":{"rendered":"https:\/\/www.dulceseltrapiche.com\/tienda\/?post_type=product&#038;p=308"},"modified":"2026-01-09T10:18:44","modified_gmt":"2026-01-09T15:18:44","slug":"cubos-panela-manzanilla","status":"publish","type":"product","link":"https:\/\/www.dulceseltrapiche.com\/tienda\/producto\/cubos-panela-manzanilla\/","title":{"rendered":"CUBOS PANELA MANZANILLA"},"content":{"rendered":"<p><span data-sheets-root=\"1\">El delicado aroma floral de la manzanilla se combina con la dulzura de la panela en cubos pr\u00e1cticos y f\u00e1ciles de preparar. Una mezcla pensada para disfrutar en cualquier ocasi\u00f3n con el sello de la tradici\u00f3n colombiana.<\/span><\/p>\n","protected":false},"excerpt":{"rendered":"<p><span data-sheets-root=\"1\">El delicado aroma floral de la manzanilla se combina con la dulzura de la panela en cubos pr\u00e1cticos y f\u00e1ciles de preparar. Una mezcla pensada para disfrutar en cualquier ocasi\u00f3n con el sello de la tradici\u00f3n colombiana.<\/span><\/p>\n","protected":false},"featured_media":432,"comment_status":"open","ping_status":"closed","template":"","meta":[],"product_brand":[],"product_cat":[21],"product_tag":[],"class_list":{"0":"post-308","1":"product","2":"type-product","3":"status-publish","4":"has-post-thumbnail","6":"product_cat-aromaticas","8":"first","9":"instock","10":"shipping-taxable","11":"purchasable","12":"product-type-variable"},"_links":{"self":[{"href":"https:\/\/www.dulceseltrapiche.com\/tienda\/wp-json\/wp\/v2\/product\/308","targetHints":{"allow":["GET"]}}],"collection":[{"href":"https:\/\/www.dulceseltrapiche.com\/tienda\/wp-json\/wp\/v2\/product"}],"about":[{"href":"https:\/\/www.dulceseltrapiche.com\/tienda\/wp-json\/wp\/v2\/types\/product"}],"replies":[{"embeddable":true,"href":"https:\/\/www.dulceseltrapiche.com\/tienda\/wp-json\/wp\/v2\/comments?post=308"}],"wp:featuredmedia":[{"embeddable":true,"href":"https:\/\/www.dulceseltrapiche.com\/tienda\/wp-json\/wp\/v2\/media\/432"}],"wp:attachment":[{"href":"https:\/\/www.dulceseltrapiche.com\/tienda\/wp-json\/wp\/v2\/media?parent=308"}],"wp:term":[{"taxonomy":"product_brand","embeddable":true,"href":"https:\/\/www.dulceseltrapiche.com\/tienda\/wp-json\/wp\/v2\/product_brand?post=308"},{"taxonomy":"product_cat","embeddable":true,"href":"https:\/\/www.dulceseltrapiche.com\/tienda\/wp-json\/wp\/v2\/product_cat?post=308"},{"taxonomy":"product_tag","embeddable":true,"href":"https:\/\/www.dulceseltrapiche.com\/tienda\/wp-json\/wp\/v2\/product_tag?post=308"}],"curies":[{"name":"wp","href":"https:\/\/api.w.org\/{rel}","templated":true}]}}