{"id":305,"date":"2025-08-29T12:24:27","date_gmt":"2025-08-29T17:24:27","guid":{"rendered":"https:\/\/www.dulceseltrapiche.com\/tienda\/?post_type=product&#038;p=305"},"modified":"2026-01-09T10:19:11","modified_gmt":"2026-01-09T15:19:11","slug":"cubos-panela-durazno","status":"publish","type":"product","link":"https:\/\/www.dulceseltrapiche.com\/tienda\/producto\/cubos-panela-durazno\/","title":{"rendered":"CUBOS PANELA DURAZNO"},"content":{"rendered":"<p><span data-sheets-root=\"1\">La suavidad arom\u00e1tica del durazno se fusiona con la dulzura de la panela en pr\u00e1cticos cubos que se disuelven al instante. Una combinaci\u00f3n llena de textura y sabor que transforma cada bebida en una experiencia especial.<\/span><\/p>\n","protected":false},"excerpt":{"rendered":"<p><span data-sheets-root=\"1\">La suavidad arom\u00e1tica del durazno se fusiona con la dulzura de la panela en pr\u00e1cticos cubos que se disuelven al instante. Una combinaci\u00f3n llena de textura y sabor que transforma cada bebida en una experiencia especial.<\/span><\/p>\n","protected":false},"featured_media":454,"comment_status":"open","ping_status":"closed","template":"","meta":[],"product_brand":[],"product_cat":[21],"product_tag":[],"class_list":{"0":"post-305","1":"product","2":"type-product","3":"status-publish","4":"has-post-thumbnail","6":"product_cat-aromaticas","8":"first","9":"instock","10":"shipping-taxable","11":"purchasable","12":"product-type-variable"},"_links":{"self":[{"href":"https:\/\/www.dulceseltrapiche.com\/tienda\/wp-json\/wp\/v2\/product\/305","targetHints":{"allow":["GET"]}}],"collection":[{"href":"https:\/\/www.dulceseltrapiche.com\/tienda\/wp-json\/wp\/v2\/product"}],"about":[{"href":"https:\/\/www.dulceseltrapiche.com\/tienda\/wp-json\/wp\/v2\/types\/product"}],"replies":[{"embeddable":true,"href":"https:\/\/www.dulceseltrapiche.com\/tienda\/wp-json\/wp\/v2\/comments?post=305"}],"wp:featuredmedia":[{"embeddable":true,"href":"https:\/\/www.dulceseltrapiche.com\/tienda\/wp-json\/wp\/v2\/media\/454"}],"wp:attachment":[{"href":"https:\/\/www.dulceseltrapiche.com\/tienda\/wp-json\/wp\/v2\/media?parent=305"}],"wp:term":[{"taxonomy":"product_brand","embeddable":true,"href":"https:\/\/www.dulceseltrapiche.com\/tienda\/wp-json\/wp\/v2\/product_brand?post=305"},{"taxonomy":"product_cat","embeddable":true,"href":"https:\/\/www.dulceseltrapiche.com\/tienda\/wp-json\/wp\/v2\/product_cat?post=305"},{"taxonomy":"product_tag","embeddable":true,"href":"https:\/\/www.dulceseltrapiche.com\/tienda\/wp-json\/wp\/v2\/product_tag?post=305"}],"curies":[{"name":"wp","href":"https:\/\/api.w.org\/{rel}","templated":true}]}}