{"id":296,"date":"2025-08-29T12:20:37","date_gmt":"2025-08-29T17:20:37","guid":{"rendered":"https:\/\/www.dulceseltrapiche.com\/tienda\/?post_type=product&#038;p=296"},"modified":"2026-01-09T10:21:41","modified_gmt":"2026-01-09T15:21:41","slug":"cubos-panela-naranja","status":"publish","type":"product","link":"https:\/\/www.dulceseltrapiche.com\/tienda\/producto\/cubos-panela-naranja\/","title":{"rendered":"CUBOS PANELA NARANJA"},"content":{"rendered":"<p><span data-sheets-root=\"1\">Disfruta el toque c\u00edtrico y vibrante de la naranja fusionado con la dulzura aut\u00e9ntica de la panela. Nuestros cubos de panela naranja son pr\u00e1cticos, vers\u00e1tiles y f\u00e1ciles de disolver, ideales para preparar bebidas calientes o fr\u00edas con un sabor lleno de energ\u00eda y tradici\u00f3n.<\/span><\/p>\n","protected":false},"excerpt":{"rendered":"<p><span data-sheets-root=\"1\">Disfruta el toque c\u00edtrico y vibrante de la naranja fusionado con la dulzura aut\u00e9ntica de la panela. Nuestros cubos de panela naranja son pr\u00e1cticos, vers\u00e1tiles y f\u00e1ciles de disolver, ideales para preparar bebidas calientes o fr\u00edas con un sabor lleno de energ\u00eda y tradici\u00f3n.<\/span><\/p>\n","protected":false},"featured_media":418,"comment_status":"open","ping_status":"closed","template":"","meta":[],"product_brand":[],"product_cat":[21],"product_tag":[],"class_list":{"0":"post-296","1":"product","2":"type-product","3":"status-publish","4":"has-post-thumbnail","6":"product_cat-aromaticas","8":"first","9":"instock","10":"shipping-taxable","11":"purchasable","12":"product-type-variable"},"_links":{"self":[{"href":"https:\/\/www.dulceseltrapiche.com\/tienda\/wp-json\/wp\/v2\/product\/296","targetHints":{"allow":["GET"]}}],"collection":[{"href":"https:\/\/www.dulceseltrapiche.com\/tienda\/wp-json\/wp\/v2\/product"}],"about":[{"href":"https:\/\/www.dulceseltrapiche.com\/tienda\/wp-json\/wp\/v2\/types\/product"}],"replies":[{"embeddable":true,"href":"https:\/\/www.dulceseltrapiche.com\/tienda\/wp-json\/wp\/v2\/comments?post=296"}],"wp:featuredmedia":[{"embeddable":true,"href":"https:\/\/www.dulceseltrapiche.com\/tienda\/wp-json\/wp\/v2\/media\/418"}],"wp:attachment":[{"href":"https:\/\/www.dulceseltrapiche.com\/tienda\/wp-json\/wp\/v2\/media?parent=296"}],"wp:term":[{"taxonomy":"product_brand","embeddable":true,"href":"https:\/\/www.dulceseltrapiche.com\/tienda\/wp-json\/wp\/v2\/product_brand?post=296"},{"taxonomy":"product_cat","embeddable":true,"href":"https:\/\/www.dulceseltrapiche.com\/tienda\/wp-json\/wp\/v2\/product_cat?post=296"},{"taxonomy":"product_tag","embeddable":true,"href":"https:\/\/www.dulceseltrapiche.com\/tienda\/wp-json\/wp\/v2\/product_tag?post=296"}],"curies":[{"name":"wp","href":"https:\/\/api.w.org\/{rel}","templated":true}]}}