{"id":145,"date":"2025-06-06T19:36:26","date_gmt":"2025-06-07T00:36:26","guid":{"rendered":"https:\/\/www.dulceseltrapiche.com\/tienda\/?post_type=product&#038;p=145"},"modified":"2026-01-09T10:22:09","modified_gmt":"2026-01-09T15:22:09","slug":"cubos-de-panela-con-te-verde-x-48-unidades","status":"publish","type":"product","link":"https:\/\/www.dulceseltrapiche.com\/tienda\/producto\/cubos-de-panela-con-te-verde-x-48-unidades\/","title":{"rendered":"CUBOS PANELA LIMON"},"content":{"rendered":"<p><span data-sheets-root=\"1\">Disfruta el toque c\u00edtrico y vibrante del lim\u00f3n fusionado con la dulzura aut\u00e9ntica de la panela. Nuestros cubos de panela lim\u00f3n son pr\u00e1cticos, vers\u00e1tiles y f\u00e1ciles de disolver, ideales para preparar bebidas calientes o fr\u00edas con un sabor \u00fanico.<\/span><\/p>\n","protected":false},"excerpt":{"rendered":"<p><span data-sheets-root=\"1\">Disfruta el toque c\u00edtrico y vibrante del lim\u00f3n fusionado con la dulzura aut\u00e9ntica de la panela. Nuestros cubos de panela lim\u00f3n son pr\u00e1cticos, vers\u00e1tiles y f\u00e1ciles de disolver, ideales para preparar bebidas calientes o fr\u00edas con un sabor \u00fanico.<\/span><\/p>\n","protected":false},"featured_media":410,"comment_status":"open","ping_status":"closed","template":"","meta":[],"product_brand":[],"product_cat":[21],"product_tag":[],"class_list":{"0":"post-145","1":"product","2":"type-product","3":"status-publish","4":"has-post-thumbnail","6":"product_cat-aromaticas","8":"first","9":"instock","10":"shipping-taxable","11":"purchasable","12":"product-type-variable"},"_links":{"self":[{"href":"https:\/\/www.dulceseltrapiche.com\/tienda\/wp-json\/wp\/v2\/product\/145","targetHints":{"allow":["GET"]}}],"collection":[{"href":"https:\/\/www.dulceseltrapiche.com\/tienda\/wp-json\/wp\/v2\/product"}],"about":[{"href":"https:\/\/www.dulceseltrapiche.com\/tienda\/wp-json\/wp\/v2\/types\/product"}],"replies":[{"embeddable":true,"href":"https:\/\/www.dulceseltrapiche.com\/tienda\/wp-json\/wp\/v2\/comments?post=145"}],"wp:featuredmedia":[{"embeddable":true,"href":"https:\/\/www.dulceseltrapiche.com\/tienda\/wp-json\/wp\/v2\/media\/410"}],"wp:attachment":[{"href":"https:\/\/www.dulceseltrapiche.com\/tienda\/wp-json\/wp\/v2\/media?parent=145"}],"wp:term":[{"taxonomy":"product_brand","embeddable":true,"href":"https:\/\/www.dulceseltrapiche.com\/tienda\/wp-json\/wp\/v2\/product_brand?post=145"},{"taxonomy":"product_cat","embeddable":true,"href":"https:\/\/www.dulceseltrapiche.com\/tienda\/wp-json\/wp\/v2\/product_cat?post=145"},{"taxonomy":"product_tag","embeddable":true,"href":"https:\/\/www.dulceseltrapiche.com\/tienda\/wp-json\/wp\/v2\/product_tag?post=145"}],"curies":[{"name":"wp","href":"https:\/\/api.w.org\/{rel}","templated":true}]}}